{"id":975,"date":"2023-05-25T14:11:19","date_gmt":"2023-05-25T12:11:19","guid":{"rendered":"https:\/\/zeroco2.eco\/en\/overview-privati\/"},"modified":"2023-09-25T13:10:20","modified_gmt":"2023-09-25T11:10:20","slug":"overview-privati","status":"publish","type":"page","link":"https:\/\/zeroco2.eco\/it\/overview-privati\/","title":{"rendered":"Overview privati"},"content":{"rendered":"","protected":false},"excerpt":{"rendered":"","protected":false},"author":2,"featured_media":0,"parent":0,"menu_order":0,"comment_status":"closed","ping_status":"closed","template":"","meta":{"_acf_changed":false,"inline_featured_image":false,"footnotes":""},"class_list":["post-975","page","type-page","status-publish","hentry","entry"],"acf":[],"yoast_head":"<!-- This site is optimized with the Yoast SEO plugin v27.3 - https:\/\/yoast.com\/product\/yoast-seo-wordpress\/ -->\n<title>Ecosostenibilit\u00e0 &amp; Responsabilit\u00e0: Fai La Tua Parte | zeroCO2<\/title>\n<meta name=\"description\" content=\"Abbraccia la sfida dell&#039;ecosostenibilit\u00e0 e contribuisci a progetti sostenibili in tutto il mondo insieme a zeroCO2.\" \/>\n<meta name=\"robots\" content=\"index, follow, max-snippet:-1, max-image-preview:large, max-video-preview:-1\" \/>\n<link rel=\"canonical\" href=\"https:\/\/zeroco2.eco\/it\/overview-privati\/\" \/>\n<meta property=\"og:locale\" content=\"it_IT\" \/>\n<meta property=\"og:type\" content=\"article\" \/>\n<meta property=\"og:title\" content=\"Ecosostenibilit\u00e0 &amp; Responsabilit\u00e0: Fai La Tua Parte | zeroCO2\" \/>\n<meta property=\"og:description\" content=\"Abbraccia la sfida dell&#039;ecosostenibilit\u00e0 e contribuisci a progetti sostenibili in tutto il mondo insieme a zeroCO2.\" \/>\n<meta property=\"og:url\" content=\"https:\/\/zeroco2.eco\/it\/overview-privati\/\" \/>\n<meta property=\"og:site_name\" content=\"zeroCO2\" \/>\n<meta property=\"article:modified_time\" content=\"2023-09-25T11:10:20+00:00\" \/>\n<meta name=\"twitter:card\" content=\"summary_large_image\" \/>\n<script type=\"application\/ld+json\" class=\"yoast-schema-graph\">{\"@context\":\"https:\\\/\\\/schema.org\",\"@graph\":[{\"@type\":\"WebPage\",\"@id\":\"https:\\\/\\\/zeroco2.eco\\\/it\\\/overview-privati\\\/\",\"url\":\"https:\\\/\\\/zeroco2.eco\\\/it\\\/overview-privati\\\/\",\"name\":\"Ecosostenibilit\u00e0 & Responsabilit\u00e0: Fai La Tua Parte | zeroCO2\",\"isPartOf\":{\"@id\":\"https:\\\/\\\/zeroco2.eco\\\/it\\\/#website\"},\"datePublished\":\"2023-05-25T12:11:19+00:00\",\"dateModified\":\"2023-09-25T11:10:20+00:00\",\"description\":\"Abbraccia la sfida dell'ecosostenibilit\u00e0 e contribuisci a progetti sostenibili in tutto il mondo insieme a zeroCO2.\",\"inLanguage\":\"it-IT\",\"potentialAction\":[{\"@type\":\"ReadAction\",\"target\":[\"https:\\\/\\\/zeroco2.eco\\\/it\\\/overview-privati\\\/\"]}]},{\"@type\":\"WebSite\",\"@id\":\"https:\\\/\\\/zeroco2.eco\\\/it\\\/#website\",\"url\":\"https:\\\/\\\/zeroco2.eco\\\/it\\\/\",\"name\":\"zeroCO2\",\"description\":\"\",\"potentialAction\":[{\"@type\":\"SearchAction\",\"target\":{\"@type\":\"EntryPoint\",\"urlTemplate\":\"https:\\\/\\\/zeroco2.eco\\\/it\\\/?s={search_term_string}\"},\"query-input\":{\"@type\":\"PropertyValueSpecification\",\"valueRequired\":true,\"valueName\":\"search_term_string\"}}],\"inLanguage\":\"it-IT\"}]}<\/script>\n<!-- \/ Yoast SEO plugin. -->","yoast_head_json":{"title":"Ecosostenibilit\u00e0 & Responsabilit\u00e0: Fai La Tua Parte | zeroCO2","description":"Abbraccia la sfida dell'ecosostenibilit\u00e0 e contribuisci a progetti sostenibili in tutto il mondo insieme a zeroCO2.","robots":{"index":"index","follow":"follow","max-snippet":"max-snippet:-1","max-image-preview":"max-image-preview:large","max-video-preview":"max-video-preview:-1"},"canonical":"https:\/\/zeroco2.eco\/it\/overview-privati\/","og_locale":"it_IT","og_type":"article","og_title":"Ecosostenibilit\u00e0 & Responsabilit\u00e0: Fai La Tua Parte | zeroCO2","og_description":"Abbraccia la sfida dell'ecosostenibilit\u00e0 e contribuisci a progetti sostenibili in tutto il mondo insieme a zeroCO2.","og_url":"https:\/\/zeroco2.eco\/it\/overview-privati\/","og_site_name":"zeroCO2","article_modified_time":"2023-09-25T11:10:20+00:00","twitter_card":"summary_large_image","schema":{"@context":"https:\/\/schema.org","@graph":[{"@type":"WebPage","@id":"https:\/\/zeroco2.eco\/it\/overview-privati\/","url":"https:\/\/zeroco2.eco\/it\/overview-privati\/","name":"Ecosostenibilit\u00e0 & Responsabilit\u00e0: Fai La Tua Parte | zeroCO2","isPartOf":{"@id":"https:\/\/zeroco2.eco\/it\/#website"},"datePublished":"2023-05-25T12:11:19+00:00","dateModified":"2023-09-25T11:10:20+00:00","description":"Abbraccia la sfida dell'ecosostenibilit\u00e0 e contribuisci a progetti sostenibili in tutto il mondo insieme a zeroCO2.","inLanguage":"it-IT","potentialAction":[{"@type":"ReadAction","target":["https:\/\/zeroco2.eco\/it\/overview-privati\/"]}]},{"@type":"WebSite","@id":"https:\/\/zeroco2.eco\/it\/#website","url":"https:\/\/zeroco2.eco\/it\/","name":"zeroCO2","description":"","potentialAction":[{"@type":"SearchAction","target":{"@type":"EntryPoint","urlTemplate":"https:\/\/zeroco2.eco\/it\/?s={search_term_string}"},"query-input":{"@type":"PropertyValueSpecification","valueRequired":true,"valueName":"search_term_string"}}],"inLanguage":"it-IT"}]}},"_links":{"self":[{"href":"https:\/\/zeroco2.eco\/it\/wp-json\/wp\/v2\/pages\/975","targetHints":{"allow":["GET"]}}],"collection":[{"href":"https:\/\/zeroco2.eco\/it\/wp-json\/wp\/v2\/pages"}],"about":[{"href":"https:\/\/zeroco2.eco\/it\/wp-json\/wp\/v2\/types\/page"}],"author":[{"embeddable":true,"href":"https:\/\/zeroco2.eco\/it\/wp-json\/wp\/v2\/users\/2"}],"replies":[{"embeddable":true,"href":"https:\/\/zeroco2.eco\/it\/wp-json\/wp\/v2\/comments?post=975"}],"version-history":[{"count":46,"href":"https:\/\/zeroco2.eco\/it\/wp-json\/wp\/v2\/pages\/975\/revisions"}],"predecessor-version":[{"id":6660,"href":"https:\/\/zeroco2.eco\/it\/wp-json\/wp\/v2\/pages\/975\/revisions\/6660"}],"wp:attachment":[{"href":"https:\/\/zeroco2.eco\/it\/wp-json\/wp\/v2\/media?parent=975"}],"curies":[{"name":"wp","href":"https:\/\/api.w.org\/{rel}","templated":true}]}}